{"id":1158,"date":"2020-09-01T14:33:29","date_gmt":"2020-09-01T14:33:29","guid":{"rendered":"https:\/\/ikg.institute\/landing-page\/"},"modified":"2025-04-08T14:25:32","modified_gmt":"2025-04-08T14:25:32","slug":"landing-page","status":"publish","type":"page","link":"https:\/\/ikg.institute\/es\/","title":{"rendered":"Landing Page &#8211; SP"},"content":{"rendered":"<p>IKG es un\u00a0<span style=\"color: #ffbc00;\"><a style=\"color: #ffbc00;\" href=\"https:\/\/ikg.institute\/es\/place\/\">lugar<\/a> <\/span>donde las personas producen e intercambian conocimiento en el campo de la investigaci\u00f3n art\u00edstica. El IKG ofrece\u00a0<span style=\"color: #05948e;\">\u00a0<a style=\"color: #05948e;\" href=\"https:\/\/ikg.institute\/es\/program\/\">programas<\/a><\/span>\u00a0desarrollados por\u00a0<span style=\"color: #fe5002;\"><a style=\"color: #fe5002;\" href=\"https:\/\/ikg.institute\/es\/people-ikg\/mentors\/\">tutores<\/a><\/span>\u00a0altamente especializados y en colaboraci\u00f3n con sus\u00a0<span style=\"color: #fe5002;\"><a style=\"color: #fe5002;\" href=\"https:\/\/ikg.institute\/es\/people-ikg\/socios\/\">socios<\/a><\/span>\u00a0. Desarrolla <span style=\"color: #05948e;\"><a style=\"color: #05948e;\" href=\"https:\/\/ikg.institute\/es\/projects\/\">proyectos<\/a><\/span>\u00a0multidisciplinares y de innovaci\u00f3n que est\u00e1n dise\u00f1ados para fomentar nuevas y radicales aproximaciones de pensamiento y su aplicaci\u00f3n en la sociedad del s.XXI. \u00a0Forma parte hoy del IKG y comparte nuestra visi\u00f3n.<\/p>\n<p>&nbsp;<\/p>\n<p>&nbsp;<\/p>\n","protected":false},"excerpt":{"rendered":"<p>IKG es un\u00a0lugar donde las personas producen e intercambian conocimiento en el campo de la investigaci\u00f3n art\u00edstica. El IKG ofrece\u00a0\u00a0programas\u00a0desarrollados por\u00a0tutores\u00a0altamente especializados y en colaboraci\u00f3n con sus\u00a0socios\u00a0. Desarrolla proyectos\u00a0multidisciplinares y de innovaci\u00f3n que est\u00e1n dise\u00f1ados para fomentar nuevas y radicales aproximaciones de pensamiento y su aplicaci\u00f3n en la sociedad del s.XXI. \u00a0Forma parte hoy del [&hellip;]<\/p>\n","protected":false},"author":16,"featured_media":0,"parent":0,"menu_order":64,"comment_status":"open","ping_status":"closed","template":"page-templates\/page-landing.php","meta":{"footnotes":""},"research_field":[36,35,32,38,39,37,34,40,75,33],"class_list":["post-1158","page","type-page","status-publish","hentry","research_field-la-musica-y-el-espacio","research_field-la-musica-como-arte-sonoro","research_field-musica-e-instrumentalidad","research_field-musica-y-cultura","research_field-musica-y-educacion","research_field-musica-y-percepcion","research_field-musica-y-performance-teatro","research_field-musica-y-salud","research_field-musica-y-sociedad","research_field-musica-y-visualidad"],"_links":{"self":[{"href":"https:\/\/ikg.institute\/es\/wp-json\/wp\/v2\/pages\/1158","targetHints":{"allow":["GET"]}}],"collection":[{"href":"https:\/\/ikg.institute\/es\/wp-json\/wp\/v2\/pages"}],"about":[{"href":"https:\/\/ikg.institute\/es\/wp-json\/wp\/v2\/types\/page"}],"author":[{"embeddable":true,"href":"https:\/\/ikg.institute\/es\/wp-json\/wp\/v2\/users\/16"}],"replies":[{"embeddable":true,"href":"https:\/\/ikg.institute\/es\/wp-json\/wp\/v2\/comments?post=1158"}],"version-history":[{"count":21,"href":"https:\/\/ikg.institute\/es\/wp-json\/wp\/v2\/pages\/1158\/revisions"}],"predecessor-version":[{"id":6006,"href":"https:\/\/ikg.institute\/es\/wp-json\/wp\/v2\/pages\/1158\/revisions\/6006"}],"wp:attachment":[{"href":"https:\/\/ikg.institute\/es\/wp-json\/wp\/v2\/media?parent=1158"}],"wp:term":[{"taxonomy":"research_field","embeddable":true,"href":"https:\/\/ikg.institute\/es\/wp-json\/wp\/v2\/research_field?post=1158"}],"curies":[{"name":"wp","href":"https:\/\/api.w.org\/{rel}","templated":true}]}}