{"id":5111,"date":"2022-03-29T13:06:13","date_gmt":"2022-03-29T13:06:13","guid":{"rendered":"https:\/\/ikg.institute\/?page_id=5111"},"modified":"2022-03-29T14:51:36","modified_gmt":"2022-03-29T14:51:36","slug":"klassicfest2022_festival-de-musica-clasica-en-el-real-sitio-de-san-ildefonso","status":"publish","type":"page","link":"https:\/\/ikg.institute\/es\/klassicfest2022_festival-de-musica-clasica-en-el-real-sitio-de-san-ildefonso\/","title":{"rendered":"#KlassicFest 2022"},"content":{"rendered":"<p>La misi\u00f3n de <a href=\"https:\/\/fundacion.katarinagurska.com\/klassicfest\/\"><span style=\"color: #fe5002;\">#KlassicFest<\/span><\/a> es la promoci\u00f3n de las nuevas generaciones de int\u00e9rpretes y creadores nacionales e internacionales de demostrado talento. Una cuidada programaci\u00f3n que incluye en su cartel m\u00fasicos reconocidos internacionalmente y brillantes promesas forjadas en nuestras aulas. Todos ellos se presentan en <a href=\"https:\/\/fundacion.katarinagurska.com\/klassicfest\/\">#KlassicFest<\/a>: Un derroche de talento, energ\u00eda y trabajo tras muchas horas de estudio y plena dedicaci\u00f3n por y para la m\u00fasica de excelencia.<\/p>\n<p>Visita la <a href=\"https:\/\/fundacion.katarinagurska.com\/klassicfest\/\">p\u00e1gina web de KlassicFest<\/a> para m\u00e1s informaci\u00f3n.<\/p>\n","protected":false},"excerpt":{"rendered":"<p>La misi\u00f3n de #KlassicFest es la promoci\u00f3n de las nuevas generaciones de int\u00e9rpretes y creadores nacionales e internacionales de demostrado talento. Una cuidada programaci\u00f3n que incluye en su cartel m\u00fasicos reconocidos internacionalmente y brillantes promesas forjadas en nuestras aulas. Todos ellos se presentan en #KlassicFest: Un derroche de talento, energ\u00eda y trabajo tras muchas horas [&hellip;]<\/p>\n","protected":false},"author":16,"featured_media":5152,"parent":0,"menu_order":0,"comment_status":"closed","ping_status":"closed","template":"page-templates\/page-place.php","meta":{"footnotes":""},"research_field":[],"class_list":["post-5111","page","type-page","status-publish","has-post-thumbnail","hentry"],"_links":{"self":[{"href":"https:\/\/ikg.institute\/es\/wp-json\/wp\/v2\/pages\/5111","targetHints":{"allow":["GET"]}}],"collection":[{"href":"https:\/\/ikg.institute\/es\/wp-json\/wp\/v2\/pages"}],"about":[{"href":"https:\/\/ikg.institute\/es\/wp-json\/wp\/v2\/types\/page"}],"author":[{"embeddable":true,"href":"https:\/\/ikg.institute\/es\/wp-json\/wp\/v2\/users\/16"}],"replies":[{"embeddable":true,"href":"https:\/\/ikg.institute\/es\/wp-json\/wp\/v2\/comments?post=5111"}],"version-history":[{"count":3,"href":"https:\/\/ikg.institute\/es\/wp-json\/wp\/v2\/pages\/5111\/revisions"}],"predecessor-version":[{"id":5146,"href":"https:\/\/ikg.institute\/es\/wp-json\/wp\/v2\/pages\/5111\/revisions\/5146"}],"wp:featuredmedia":[{"embeddable":true,"href":"https:\/\/ikg.institute\/es\/wp-json\/wp\/v2\/media\/5152"}],"wp:attachment":[{"href":"https:\/\/ikg.institute\/es\/wp-json\/wp\/v2\/media?parent=5111"}],"wp:term":[{"taxonomy":"research_field","embeddable":true,"href":"https:\/\/ikg.institute\/es\/wp-json\/wp\/v2\/research_field?post=5111"}],"curies":[{"name":"wp","href":"https:\/\/api.w.org\/{rel}","templated":true}]}}